{"id":346,"date":"2024-10-29T07:28:13","date_gmt":"2024-10-29T07:28:13","guid":{"rendered":"https:\/\/sirm.md\/\/?page_id=346"},"modified":"2024-10-29T07:32:29","modified_gmt":"2024-10-29T07:32:29","slug":"comisia-de-cenzori","status":"publish","type":"page","link":"https:\/\/sirm.md\/index.php\/comisia-de-cenzori\/","title":{"rendered":"Comisia de Cenzori"},"content":{"rendered":"\n<figure class=\"wp-block-image size-full\"><img loading=\"lazy\" decoding=\"async\" width=\"172\" height=\"246\" src=\"https:\/\/sirm.md\/\/wp-content\/uploads\/2024\/10\/BABALAU-Victor-asistent-universitar-e1728988299804.jpg\" alt=\"\" class=\"wp-image-223\"\/><\/figure>\n\n\n\n<p><strong>B\u0102B\u0102L\u0102U Victor, asistent universitar<\/strong><\/p>\n\n\n\n<figure class=\"wp-block-image size-full\"><img loading=\"lazy\" decoding=\"async\" width=\"172\" height=\"246\" src=\"https:\/\/sirm.md\/\/wp-content\/uploads\/2024\/10\/MESINA-Victor-dr.-in-st.med_.-conferentiar-universitar-e1728988286296.jpg\" alt=\"\" class=\"wp-image-224\"\/><\/figure>\n\n\n\n<p><strong>ME\u0218INA Victor, dr. \u00een \u0219t.med., conferen\u021biar universitar<\/strong><\/p>\n\n\n\n<figure class=\"wp-block-image size-full\"><img loading=\"lazy\" decoding=\"async\" width=\"172\" height=\"246\" src=\"https:\/\/sirm.md\/\/wp-content\/uploads\/2024\/10\/TAFUNI-Ovidiu-dr.-in-st.med_.-conferentiar-universitar-e1728988318453.jpg\" alt=\"\" class=\"wp-image-219\"\/><\/figure>\n\n\n\n<p><strong>TAFUNI Ovidiu, dr. \u00een \u0219t.med., conferen\u021biar universitar<\/strong><\/p>\n","protected":false},"excerpt":{"rendered":"<p>B\u0102B\u0102L\u0102U Victor, asistent universitar ME\u0218INA Victor, dr. \u00een \u0219t.med., conferen\u021biar universitar TAFUNI Ovidiu, dr. \u00een \u0219t.med., conferen\u021biar universitar<\/p>\n","protected":false},"author":1,"featured_media":0,"parent":0,"menu_order":0,"comment_status":"closed","ping_status":"closed","template":"","meta":{"footnotes":""},"class_list":["post-346","page","type-page","status-publish","hentry"],"_links":{"self":[{"href":"https:\/\/sirm.md\/index.php\/wp-json\/wp\/v2\/pages\/346","targetHints":{"allow":["GET"]}}],"collection":[{"href":"https:\/\/sirm.md\/index.php\/wp-json\/wp\/v2\/pages"}],"about":[{"href":"https:\/\/sirm.md\/index.php\/wp-json\/wp\/v2\/types\/page"}],"author":[{"embeddable":true,"href":"https:\/\/sirm.md\/index.php\/wp-json\/wp\/v2\/users\/1"}],"replies":[{"embeddable":true,"href":"https:\/\/sirm.md\/index.php\/wp-json\/wp\/v2\/comments?post=346"}],"version-history":[{"count":3,"href":"https:\/\/sirm.md\/index.php\/wp-json\/wp\/v2\/pages\/346\/revisions"}],"predecessor-version":[{"id":578,"href":"https:\/\/sirm.md\/index.php\/wp-json\/wp\/v2\/pages\/346\/revisions\/578"}],"wp:attachment":[{"href":"https:\/\/sirm.md\/index.php\/wp-json\/wp\/v2\/media?parent=346"}],"curies":[{"name":"wp","href":"https:\/\/api.w.org\/{rel}","templated":true}]}}