{"id":2,"date":"2024-09-11T14:18:02","date_gmt":"2024-09-11T14:18:02","guid":{"rendered":"https:\/\/sirm.md\/\/?page_id=2"},"modified":"2026-03-19T07:20:30","modified_gmt":"2026-03-19T07:20:30","slug":"sample-page","status":"publish","type":"page","link":"https:\/\/sirm.md\/","title":{"rendered":"Nout\u0103\u021bi"},"content":{"rendered":"\n<div class=\"wp-block-media-text alignwide is-stacked-on-mobile is-vertically-aligned-center is-image-fill-element\" style=\"grid-template-columns:38% auto\"><figure class=\"wp-block-media-text__media\"><img decoding=\"async\" src=\"https:\/\/s.w.org\/images\/core\/5.8\/soil.jpg\" alt=\"Prim-plan, p\u0103m\u00e2nt uscat \u0219i cr\u0103pat.\" style=\"object-position:50% 50%\"\/><\/figure><div class=\"wp-block-media-text__content\">\n<h2 class=\"wp-block-heading has-text-color\" style=\"color:#000000;font-size:32px\"><strong>Inregistreaz\u0103-te<\/strong><\/h2>\n\n\n\n<p class=\"has-text-color\" style=\"color:#000000;font-size:17px\">\u00cen ziua de azi, copacii sunt mai importan\u021bi dec\u00e2t oric\u00e2nd. Conform datelor oficiale, peste 10.000 de produse sunt fabricate din copaci. Cu ajutorul tehnologiei, o simpl\u0103 gr\u0103mad\u0103 de lemne produce substan\u021be chimice, materiale plastice \u0219i \u021bes\u0103turi, a\u0219a cum nimeni nu s-a g\u00e2ndit c\u00e2nd a fost dobor\u00e2t primul copac cu ajutorul unui topor.<\/p>\n\n\n\n<div class=\"wp-block-buttons is-layout-flex wp-block-buttons-is-layout-flex\">\n<div class=\"wp-block-button is-style-fill, color:red\"><a class=\"wp-block-button__link wp-element-button\">Clic pentru \u00eenregistrare<\/a><\/div>\n<\/div>\n<\/div><\/div>\n\n\n<ul class=\"wp-block-latest-posts__list wp-block-latest-posts\"><li><a class=\"wp-block-latest-posts__post-title\" href=\"https:\/\/sirm.md\/index.php\/2025\/12\/10\/anunt\/\">Anun\u021b<\/a><\/li>\n<li><a class=\"wp-block-latest-posts__post-title\" href=\"https:\/\/sirm.md\/index.php\/2025\/02\/21\/tinerii-cercetatori-in-igiena-intruniti-in-conferinta-stiintifica\/\">Tinerii cercet\u0103tori \u00een Igien\u0103 \u00eentruni\u021bi \u00een Conferin\u021b\u0103 \u0219tiin\u021bific\u0103<\/a><\/li>\n<li><a class=\"wp-block-latest-posts__post-title\" href=\"https:\/\/sirm.md\/index.php\/2024\/10\/10\/123\/\">COMUNICAT DE PRES\u0102<\/a><\/li>\n<li><a class=\"wp-block-latest-posts__post-title\" href=\"https:\/\/sirm.md\/index.php\/2024\/10\/10\/mesajul-presedintelui-ao\/\">Mesajul Pre\u0219edintelui AO<\/a><\/li>\n<li><a class=\"wp-block-latest-posts__post-title\" href=\"https:\/\/sirm.md\/index.php\/2024\/09\/11\/hello-world\/\">Mesaj de felicitare<\/a><\/li>\n<\/ul>\n\n\n<div class=\"wp-block-columns is-layout-flex wp-container-core-columns-is-layout-9d6595d7 wp-block-columns-is-layout-flex\">\n<div class=\"wp-block-column is-vertically-aligned-center is-layout-flow wp-block-column-is-layout-flow\" style=\"flex-basis:100%\"><ul class=\"wp-block-archives-list wp-block-archives\">\t<li><a href='https:\/\/sirm.md\/index.php\/2025\/12\/'>decembrie 2025<\/a><\/li>\n\t<li><a href='https:\/\/sirm.md\/index.php\/2025\/02\/'>februarie 2025<\/a><\/li>\n\t<li><a href='https:\/\/sirm.md\/index.php\/2024\/10\/'>octombrie 2024<\/a><\/li>\n\t<li><a href='https:\/\/sirm.md\/index.php\/2024\/09\/'>septembrie 2024<\/a><\/li>\n<\/ul><\/div>\n<\/div>\n","protected":false},"excerpt":{"rendered":"","protected":false},"author":1,"featured_media":0,"parent":0,"menu_order":0,"comment_status":"closed","ping_status":"open","template":"","meta":{"footnotes":""},"class_list":["post-2","page","type-page","status-publish","hentry"],"_links":{"self":[{"href":"https:\/\/sirm.md\/index.php\/wp-json\/wp\/v2\/pages\/2","targetHints":{"allow":["GET"]}}],"collection":[{"href":"https:\/\/sirm.md\/index.php\/wp-json\/wp\/v2\/pages"}],"about":[{"href":"https:\/\/sirm.md\/index.php\/wp-json\/wp\/v2\/types\/page"}],"author":[{"embeddable":true,"href":"https:\/\/sirm.md\/index.php\/wp-json\/wp\/v2\/users\/1"}],"replies":[{"embeddable":true,"href":"https:\/\/sirm.md\/index.php\/wp-json\/wp\/v2\/comments?post=2"}],"version-history":[{"count":18,"href":"https:\/\/sirm.md\/index.php\/wp-json\/wp\/v2\/pages\/2\/revisions"}],"predecessor-version":[{"id":621,"href":"https:\/\/sirm.md\/index.php\/wp-json\/wp\/v2\/pages\/2\/revisions\/621"}],"wp:attachment":[{"href":"https:\/\/sirm.md\/index.php\/wp-json\/wp\/v2\/media?parent=2"}],"curies":[{"name":"wp","href":"https:\/\/api.w.org\/{rel}","templated":true}]}}